{"id":1379,"date":"2013-11-27T08:43:51","date_gmt":"2013-11-27T12:43:51","guid":{"rendered":"https:\/\/thejovialcrew.com\/?page_id=1379"},"modified":"2019-09-02T09:35:52","modified_gmt":"2019-09-02T13:35:52","slug":"drunken-sailor","status":"publish","type":"page","link":"https:\/\/thejovialcrew.com\/?page_id=1379","title":{"rendered":"Drunken Sailor"},"content":{"rendered":"<p>Stan Hugill wrote in his 1961 \u201cSea Shanties (sic) of the Seven Sea\u201d that the earliest mention of this \u201cstamp &amp; go\u201d hauling chantey is to be found in the Olmsted, F.A. 1841 book <i>Incidents of a Whaling Voyage<\/i> by F. A. Olmstead &#8211;\u00a0 the published account of an 1839 voyage of the ship <i>North America <\/i>out of <a title=\"New London, Connecticut\" href=\"http:\/\/en.wikipedia.org\/wiki\/New_London,_Connecticut\">New London, Connecticut<\/a> to hunt the whale in the grounds of the Pacific Ocean. \u00a0\u00a0The chorus he gives is thus:<\/p>\n<p>Ho! Ho! and up she rises<br \/>\nHo! Ho! and up she rises<br \/>\nHo! Ho! and up she rises,<br \/>\nEarly in the morning.<\/p>\n<p>Many musicologists believe the song to be <i>at least<\/i> as old as 1820 and this is a discussion best left to them than in this page.\u00a0 The song did make its way into other ships and into the minstrel shows of the 19<sup>th<\/sup> century, and is likely to be the most well known sea song today.\u00a0 The verses reflect various ways imagined to punish a sailor reporting on board ship but still intoxicated, and many verses today are created on the spot by performers to reflect current topical events or simply lines to gross out the listening audience, while there are versions softened greatly for audiences of children.\u00a0 Below are lines of mixed origin, from traditional to recent.<\/p>\n<p>I\u00a0<em>will<\/em> point out, though, that the tune\/melody is actually from the Irish Gaelic folk song <a href=\"https:\/\/en.wikipedia.org\/wiki\/%C3%93r%C3%B3_s%C3%A9_do_bheatha_abhaile\">\u00d3r\u00f3 s\u00e9 do bheatha abhaile<\/a> and as such dates to at least the 1740s although believed to be much older than that.\u00a0 The verses have been changed to reflect political views over the generations, but see the following note:<\/p>\n<p><span style=\"font-size: 8pt;\">Joyce, Patrick Weston (1909). Old Irish Folk Music and Songs. London (Dublin): Longmans, Green and Co. (Hodges, Figgis &amp; Co.). pp. 121, 130. &#8220;The following 34 airs (to \u201cShe\u2019s the dear Maid to me\u201d) were sent to me from time to time during 1884 by Mr. Francis Hogan of South Lodge, Brenormore, near Carrick-on-Suir, a good musician and a great enthusiast in Irish music and songs. He must have been then well over seventy years of age. Some of these he wrote from memory, and others he copied from MSS.&#8221; <\/span><br \/>\n<span style=\"font-size: 8pt;\">p. 130 &#8220;275. ORO, \u2019SE DO BHEATHA A BHAILE: ORO, WELCOME HOME! A Hauling-home Song. The \u201cHauling home\u201d was bringing home the bride to her husband\u2019s house after marriage. It was usually a month or so after the wedding, and was celebrated as an occasion next only in importance to the wedding itself. The bridegroom brought home his bride at the head of a triumphal procession\u2014all on cars or on horseback. I well remember one where the bride rode on a pillion behind her husband. As they enter the house the bridegroom is supposed to speak or sing:\u2014<\/span><br \/>\n<span style=\"font-size: 8pt;\">&#8220;Oro, s\u00e9 do bheatha a bhaile, is fearr liom tu n\u00e1 c\u00e9ad bo bainne<\/span><br \/>\n<span style=\"font-size: 8pt;\">Oro, s\u00e9 do bheatha a bhaile, th\u00e1 tu maith le r\u00e1tha.<\/span><br \/>\n<span style=\"font-size: 8pt;\">Oro, welcome home, I would rather have you than a hundred milch cows:<\/span><br \/>\n<span style=\"font-size: 8pt;\">Oro, welcome home, \u2019tis you are happy with prosperity [in store for you].&#8221;<\/span><br \/>\n<span style=\"font-size: 8pt;\">&#8220;Here is Mr. Hogan\u2019s note on this air:&#8212;\u201cThis song used to be played at the \u2018Hauling Home,\u2019 or the bringing home of a wife. The piper, seated outside the house at the arrival of the party, playing hard [i.e. with great spirit]: nearly all who were at the wedding a month previous being in the procession. Oh, for the good old times!\u201d This tune is called in Stanford-Petrie an \u201cancient clan march\u201d: and it is set in the Major, with many accidentals, but another setting is given in the Minor. I give it here as Mr. Hogan wrote it, in its proper Minor form. In several particulars this setting differs from Dr. Petrie\u2019s two versions. It was a march tune, as he calls it: but the March was home to the husband\u2019s house. Dr. Petrie does not state where he procured his two versions.&#8221;<\/span><\/p>\n<p style=\"text-align: right;\">Jos. Morneault<\/p>\n<p>&nbsp;<\/p>\n<div id=\"attachment_1392\" style=\"width: 310px\" class=\"wp-caption alignnone\"><a href=\"http:\/\/lordcavendish.deviantart.com\/art\/Drunken-Sailor-III-42750980\" target=\"_blank\" rel=\"noopener noreferrer\"><img loading=\"lazy\" decoding=\"async\" aria-describedby=\"caption-attachment-1392\" class=\"size-medium wp-image-1392\" src=\"https:\/\/thejovialcrew.com\/wp-content\/uploads\/2013\/11\/Drunken_Sailor__III_by_LordCavendish-300x231.jpg\" alt=\"http:\/\/lordcavendish.deviantart.com\/art\/Drunken-Sailor-III-42750980\" width=\"300\" height=\"231\" srcset=\"https:\/\/thejovialcrew.com\/wp-content\/uploads\/2013\/11\/Drunken_Sailor__III_by_LordCavendish-300x231.jpg 300w, https:\/\/thejovialcrew.com\/wp-content\/uploads\/2013\/11\/Drunken_Sailor__III_by_LordCavendish-624x482.jpg 624w, https:\/\/thejovialcrew.com\/wp-content\/uploads\/2013\/11\/Drunken_Sailor__III_by_LordCavendish.jpg 1017w\" sizes=\"auto, (max-width: 300px) 100vw, 300px\" \/><\/a><p id=\"caption-attachment-1392\" class=\"wp-caption-text\">http:\/\/lordcavendish.deviantart.com\/art\/Drunken-Sailor-III-42750980<\/p><\/div>\n<p>&nbsp;<\/p>\n<p>What shall we do with a drunken sailor,<br \/>\nWhat shall we do with a drunken sailor,<br \/>\nWhat shall we do with a drunken sailor,<br \/>\nEarly in the morning?<br \/>\n<i>Refrain:<\/i><\/p>\n<p><b><i>Way, Hey, and up she rises (or Hoo-ray and up she rises) 3x<\/i><\/b><br \/>\n<b><i>Early in the morning<\/i><\/b><\/p>\n<p><b><i>\u00a0<\/i><\/b><\/p>\n<p>Shave his belly with a rusty razor.\u00a0 3x<\/p>\n<p>Make \u2018im stand a piss to the windward.\u00a0\u00a0\u00a0 3x, &amp;c.<\/p>\n<p>Put him in the long boat till he&#8217;s sober.<\/p>\n<p>Lock him in the guard room &#8217;til he gets sober.<\/p>\n<p>Make him the captain of an Exxon tanker.<\/p>\n<p>Put him in the scuppers with a hose-pipe on him.<\/p>\n<p>Pull out the plug and wet him all over.<\/p>\n<p>Tie him to the taffrail when she&#8217;s yardarm under.<\/p>\n<p>Tie his pecker in a rolling half-hitch.<\/p>\n<p>Put him in charge of an off shore oil rig.<\/p>\n<p>Heave him by the leg in a runnin&#8217; bowline.<\/p>\n<p>Put \u2018im the bilge and make \u2018im drink it.<\/p>\n<p>Give &#8216;im a dose of salt and water.<\/p>\n<p>Shave his balls with a rusty razor.<\/p>\n<p>Give &#8216;im a hair of the dog that bit him.<\/p>\n<p>Put \u2018im in a leaky boat and make &#8216;im bail &#8216;er.<\/p>\n<p>Give &#8216;im a taste of the bosun&#8217;s rope-end.<\/p>\n<p>Hold her hair back while she pukes (thank you Rick and Lady Gaga)<\/p>\n<p>Soak him in oil till he sprouts a flipper.<\/p>\n<p>Put him in bed with the captain&#8217;s daughter.<\/p>\n<p>Have you ever seen the captain\u2019s daughter?<\/p>\n<p>Oh, my, what an ugly daughter!!<\/p>\n<p>Lock \u2018im in a room with Dolly Parton.<\/p>\n<p>What do you do with Dolly Parton?<\/p>\n<p>(tittie motor boat sound) with Dolly Parton!<\/p>\n<p>**************************************************************<\/p>\n<p><iframe loading=\"lazy\" src=\"https:\/\/www.youtube.com\/embed\/AZdRgQLLCgs\" width=\"560\" height=\"315\" frameborder=\"0\" allowfullscreen=\"allowfullscreen\"><\/iframe><\/p>\n<p><iframe loading=\"lazy\" src=\"https:\/\/www.youtube.com\/embed\/cf0E_PJtJWg\" width=\"560\" height=\"315\" frameborder=\"0\" allowfullscreen=\"allowfullscreen\"><\/iframe><\/p>\n","protected":false},"excerpt":{"rendered":"<p>Stan Hugill wrote in his 1961 \u201cSea Shanties (sic) of the Seven Sea\u201d that the earliest mention of this \u201cstamp &amp; go\u201d hauling chantey is to be found in the Olmsted, F.A. 1841 book Incidents of a Whaling Voyage by F. A. Olmstead &#8211;\u00a0 the published account of an 1839 voyage of the ship North [&hellip;]<\/p>\n","protected":false},"author":1,"featured_media":0,"parent":21,"menu_order":0,"comment_status":"open","ping_status":"open","template":"","meta":{"footnotes":""},"class_list":["post-1379","page","type-page","status-publish","hentry"],"jetpack_sharing_enabled":true,"_links":{"self":[{"href":"https:\/\/thejovialcrew.com\/index.php?rest_route=\/wp\/v2\/pages\/1379","targetHints":{"allow":["GET"]}}],"collection":[{"href":"https:\/\/thejovialcrew.com\/index.php?rest_route=\/wp\/v2\/pages"}],"about":[{"href":"https:\/\/thejovialcrew.com\/index.php?rest_route=\/wp\/v2\/types\/page"}],"author":[{"embeddable":true,"href":"https:\/\/thejovialcrew.com\/index.php?rest_route=\/wp\/v2\/users\/1"}],"replies":[{"embeddable":true,"href":"https:\/\/thejovialcrew.com\/index.php?rest_route=%2Fwp%2Fv2%2Fcomments&post=1379"}],"version-history":[{"count":9,"href":"https:\/\/thejovialcrew.com\/index.php?rest_route=\/wp\/v2\/pages\/1379\/revisions"}],"predecessor-version":[{"id":5292,"href":"https:\/\/thejovialcrew.com\/index.php?rest_route=\/wp\/v2\/pages\/1379\/revisions\/5292"}],"up":[{"embeddable":true,"href":"https:\/\/thejovialcrew.com\/index.php?rest_route=\/wp\/v2\/pages\/21"}],"wp:attachment":[{"href":"https:\/\/thejovialcrew.com\/index.php?rest_route=%2Fwp%2Fv2%2Fmedia&parent=1379"}],"curies":[{"name":"wp","href":"https:\/\/api.w.org\/{rel}","templated":true}]}}