{"id":4044,"date":"2016-05-03T10:04:06","date_gmt":"2016-05-03T14:04:06","guid":{"rendered":"https:\/\/thejovialcrew.com\/?page_id=4044"},"modified":"2021-06-19T21:09:57","modified_gmt":"2021-06-20T01:09:57","slug":"sally-brown","status":"publish","type":"page","link":"https:\/\/thejovialcrew.com\/?page_id=4044","title":{"rendered":"Sally Brown"},"content":{"rendered":"<p>This is referred to as a &#8220;windlass or capstan&#8221; chantey in the book Songs of the American Sailormen (1938 &#8211; Joanna C. Colcord) while other sources refer to it having been used at the halyards. \u00a0It&#8217;s rhythm certainly makes it versatile. \u00a0It is in regards to a Creole lady by the name of Sally Brown and most verses, while regarding Sally quite highly, nonetheless drips with the usual racist rhetoric encountered in folk song of the 19th and often early 20th centuries. \u00a0And while the myriad versions have placed her in New York City or in New Orleans and that she marries or not, has a baby or not, I felt that I have license to actually make something of a story and avoid some of the wording that would cause discomfort to the listeners. \u00a0SO&#8230; This is MY version of this song:<\/p>\n<p><img loading=\"lazy\" decoding=\"async\" class=\"aligncenter size-full wp-image-4049\" src=\"https:\/\/thejovialcrew.com\/wp-content\/uploads\/2016\/05\/Sally-Brown-Ab.jpg\" alt=\"Sally Brown Ab\" width=\"954\" height=\"378\" srcset=\"https:\/\/thejovialcrew.com\/wp-content\/uploads\/2016\/05\/Sally-Brown-Ab.jpg 954w, https:\/\/thejovialcrew.com\/wp-content\/uploads\/2016\/05\/Sally-Brown-Ab-300x119.jpg 300w, https:\/\/thejovialcrew.com\/wp-content\/uploads\/2016\/05\/Sally-Brown-Ab-768x304.jpg 768w, https:\/\/thejovialcrew.com\/wp-content\/uploads\/2016\/05\/Sally-Brown-Ab-624x247.jpg 624w\" sizes=\"auto, (max-width: 954px) 100vw, 954px\" \/><\/p>\n<p>1. Sally Brown, she\u2019s a bright *mulatter,<br \/>\nWay, hey, a-roll and go!<br \/>\nShe drinks rum and chews **terbacker<br \/>\nSpend my money on Sally Brown!<\/p>\n<p>2. Oh, Sally Brown of New York City<br \/>\nThat girl is just too Goddamn pretty<\/p>\n<p>3. For many years I courted Sally<br \/>\nSo did every Tom and Dick and Harry<\/p>\n<p>4. I bought her silks, all frills and lacy<br \/>\nBut they bought her drinks, that fickle lady.<\/p>\n<p>5. I made a vow she\u2019d be my missus<br \/>\nBut she ***walked with them and gave them kisses<\/p>\n<p>6. One morning bright I took a notion<br \/>\nTo sail my ass across the ocean<\/p>\n<p>7. Fourteen months I hauled the ****mainsheet<br \/>\nThen I found myself back down on South Street<\/p>\n<p>8. I heard my name just by the *****mailer<br \/>\nShe begged, \u201cCome back, my tarry sailor.\u201d<\/p>\n<p>9. That Sally Brown of New York City<br \/>\nThat girl is just too Goddamn pretty<\/p>\n<p>&nbsp;<\/p>\n<p>*slang pronunciation for mulatto\/creole<\/p>\n<p>**Chewing tobacco<br \/>\n***or Fucked or Slept or whatever you choose.<br \/>\n**** &#8220;sheet&#8221; is NOT a sail but rather the lines to pull that affect the lower corners, or clews, of the sail to pull it taut.<br \/>\n***** a &#8220;mailer&#8221; or &#8220;mail cart&#8221; is a cart or wagon that would carry sacks of the post (or mail&#8230; and in this case from arriving ships) to the post office and there sit until picked up by the addressee or, later, delivered by a postman.<\/p>\n<div id=\"attachment_5444\" style=\"width: 511px\" class=\"wp-caption aligncenter\"><img loading=\"lazy\" decoding=\"async\" aria-describedby=\"caption-attachment-5444\" class=\"wp-image-5444 size-full\" src=\"https:\/\/thejovialcrew.com\/wp-content\/uploads\/2020\/06\/84332794_2632840516994308_2852828423166885888_n.jpg\" alt=\"\" width=\"501\" height=\"329\" srcset=\"https:\/\/thejovialcrew.com\/wp-content\/uploads\/2020\/06\/84332794_2632840516994308_2852828423166885888_n.jpg 501w, https:\/\/thejovialcrew.com\/wp-content\/uploads\/2020\/06\/84332794_2632840516994308_2852828423166885888_n-300x197.jpg 300w\" sizes=\"auto, (max-width: 501px) 100vw, 501px\" \/><p id=\"caption-attachment-5444\" class=\"wp-caption-text\">Wagon postal de la compagnie Temiscouata Railway, photographi\u00e9 \u00e0 Edmundston \u00e0 la fin des ann\u00e9es 30 ou d\u00e9but 40. \/ Temiscouata Railway mail cart, photographed in Edmundston in the late 30s or early 40s.<\/p><\/div>\n<p><img loading=\"lazy\" decoding=\"async\" class=\"aligncenter wp-image-5618 size-full\" src=\"https:\/\/thejovialcrew.com\/wp-content\/uploads\/2021\/06\/203642481_10209072064114053_9086559118266794875_n.jpg\" alt=\"\" width=\"960\" height=\"699\" srcset=\"https:\/\/thejovialcrew.com\/wp-content\/uploads\/2021\/06\/203642481_10209072064114053_9086559118266794875_n.jpg 960w, https:\/\/thejovialcrew.com\/wp-content\/uploads\/2021\/06\/203642481_10209072064114053_9086559118266794875_n-300x218.jpg 300w, https:\/\/thejovialcrew.com\/wp-content\/uploads\/2021\/06\/203642481_10209072064114053_9086559118266794875_n-768x559.jpg 768w, https:\/\/thejovialcrew.com\/wp-content\/uploads\/2021\/06\/203642481_10209072064114053_9086559118266794875_n-624x454.jpg 624w\" sizes=\"auto, (max-width: 960px) 100vw, 960px\" \/><\/p>\n","protected":false},"excerpt":{"rendered":"<p>This is referred to as a &#8220;windlass or capstan&#8221; chantey in the book Songs of the American Sailormen (1938 &#8211; Joanna C. Colcord) while other sources refer to it having been used at the halyards. \u00a0It&#8217;s rhythm certainly makes it versatile. \u00a0It is in regards to a Creole lady by the name of Sally Brown [&hellip;]<\/p>\n","protected":false},"author":1,"featured_media":0,"parent":21,"menu_order":0,"comment_status":"open","ping_status":"open","template":"","meta":{"footnotes":""},"class_list":["post-4044","page","type-page","status-publish","hentry"],"jetpack_sharing_enabled":true,"_links":{"self":[{"href":"https:\/\/thejovialcrew.com\/index.php?rest_route=\/wp\/v2\/pages\/4044","targetHints":{"allow":["GET"]}}],"collection":[{"href":"https:\/\/thejovialcrew.com\/index.php?rest_route=\/wp\/v2\/pages"}],"about":[{"href":"https:\/\/thejovialcrew.com\/index.php?rest_route=\/wp\/v2\/types\/page"}],"author":[{"embeddable":true,"href":"https:\/\/thejovialcrew.com\/index.php?rest_route=\/wp\/v2\/users\/1"}],"replies":[{"embeddable":true,"href":"https:\/\/thejovialcrew.com\/index.php?rest_route=%2Fwp%2Fv2%2Fcomments&post=4044"}],"version-history":[{"count":6,"href":"https:\/\/thejovialcrew.com\/index.php?rest_route=\/wp\/v2\/pages\/4044\/revisions"}],"predecessor-version":[{"id":5619,"href":"https:\/\/thejovialcrew.com\/index.php?rest_route=\/wp\/v2\/pages\/4044\/revisions\/5619"}],"up":[{"embeddable":true,"href":"https:\/\/thejovialcrew.com\/index.php?rest_route=\/wp\/v2\/pages\/21"}],"wp:attachment":[{"href":"https:\/\/thejovialcrew.com\/index.php?rest_route=%2Fwp%2Fv2%2Fmedia&parent=4044"}],"curies":[{"name":"wp","href":"https:\/\/api.w.org\/{rel}","templated":true}]}}